{"id":9,"date":"2023-11-27T19:02:23","date_gmt":"2023-11-27T19:02:23","guid":{"rendered":"http:\/\/filament-art.de\/?page_id=9"},"modified":"2023-12-12T08:40:09","modified_gmt":"2023-12-12T08:40:09","slug":"willkommen-bei-filament-art","status":"publish","type":"page","link":"https:\/\/filament-art.de\/","title":{"rendered":"Willkommen bei Filament Art"},"content":{"rendered":"\n<p>Entdecken Sie bei Filament Art eine vielf\u00e4ltige Auswahl an einzigartigen Deko-Objekten, kunstvollen Bildern, faszinierenden Lithophanen und individuellen Kleinserien-Drucken, alle gefertigt mittels hochwertiger FDM-Technologie. Leidenschaft f\u00fcr detailreiche Gestaltung und kreative Innovation spiegelt sich in jedem unserer Produkte wider.<\/p>\n\n\n\n<p><strong>Unsere Angebote:<\/strong><\/p>\n\n\n\n<p>Deko-Objekte: Verleihen Sie Ihrem Zuhause eine pers\u00f6nliche Note mit sorgf\u00e4ltig gestalteten Deko-Objekten, die jeden Raum bereichern.<br><br><\/p>\n\n\n<div class=\"wp-block-image is-style-rounded\">\n<figure class=\"aligncenter size-large is-resized\"><img loading=\"lazy\" decoding=\"async\" width=\"640\" height=\"853\" src=\"https:\/\/i0.wp.com\/filament-art.de\/wp-content\/uploads\/2023\/12\/k-P1092768.jpg?resize=640%2C853&#038;ssl=1\" alt=\"\" class=\"wp-image-64\" style=\"width:274px;height:auto\" srcset=\"https:\/\/i0.wp.com\/filament-art.de\/wp-content\/uploads\/2023\/12\/k-P1092768.jpg?resize=768%2C1024&amp;ssl=1 768w, https:\/\/i0.wp.com\/filament-art.de\/wp-content\/uploads\/2023\/12\/k-P1092768.jpg?resize=225%2C300&amp;ssl=1 225w, https:\/\/i0.wp.com\/filament-art.de\/wp-content\/uploads\/2023\/12\/k-P1092768.jpg?w=972&amp;ssl=1 972w\" sizes=\"auto, (max-width: 640px) 100vw, 640px\" data-recalc-dims=\"1\" \/><\/figure>\n<\/div>\n\n\n<p> <\/p>\n\n\n\n<p><br><br>Litophan-Bilder: Entdecken Sie die M\u00f6glichkeiten, ihre Bilder zu beeindruckenden Kunstwerken umzuwandeln, gedruckt mit Pr\u00e4zision und Leidenschaft. Die Bilder sind mehr als nur visuelle Elemente \u2013 sie erz\u00e4hlen Geschichten. Erleben Sie dabei die Magie von Lithophanen, kunstvollen Licht- und Schattenspielen, die Ihre R\u00e4ume mit einer einzigartigen Atmosph\u00e4re erf\u00fcllen.<br><br><\/p>\n\n\n\n<figure class=\"wp-block-gallery has-nested-images columns-default is-cropped wp-block-gallery-1 is-layout-flex wp-block-gallery-is-layout-flex\">\n<figure class=\"wp-block-image size-large\"><img loading=\"lazy\" decoding=\"async\" width=\"640\" height=\"853\" data-id=\"98\" src=\"https:\/\/i0.wp.com\/filament-art.de\/wp-content\/uploads\/2023\/12\/Eisvogel.jpg?resize=640%2C853&#038;ssl=1\" alt=\"\" class=\"wp-image-98\" srcset=\"https:\/\/i0.wp.com\/filament-art.de\/wp-content\/uploads\/2023\/12\/Eisvogel.jpg?resize=768%2C1024&amp;ssl=1 768w, https:\/\/i0.wp.com\/filament-art.de\/wp-content\/uploads\/2023\/12\/Eisvogel.jpg?resize=225%2C300&amp;ssl=1 225w, https:\/\/i0.wp.com\/filament-art.de\/wp-content\/uploads\/2023\/12\/Eisvogel.jpg?w=810&amp;ssl=1 810w\" sizes=\"auto, (max-width: 640px) 100vw, 640px\" data-recalc-dims=\"1\" \/><\/figure>\n\n\n\n<figure class=\"wp-block-image size-large\"><img loading=\"lazy\" decoding=\"async\" width=\"640\" height=\"853\" data-id=\"86\" src=\"https:\/\/i0.wp.com\/filament-art.de\/wp-content\/uploads\/2023\/12\/k-P1092790.jpg?resize=640%2C853&#038;ssl=1\" alt=\"\" class=\"wp-image-86\" srcset=\"https:\/\/i0.wp.com\/filament-art.de\/wp-content\/uploads\/2023\/12\/k-P1092790.jpg?resize=768%2C1024&amp;ssl=1 768w, https:\/\/i0.wp.com\/filament-art.de\/wp-content\/uploads\/2023\/12\/k-P1092790.jpg?resize=225%2C300&amp;ssl=1 225w, https:\/\/i0.wp.com\/filament-art.de\/wp-content\/uploads\/2023\/12\/k-P1092790.jpg?w=947&amp;ssl=1 947w\" sizes=\"auto, (max-width: 640px) 100vw, 640px\" data-recalc-dims=\"1\" \/><\/figure>\n\n\n\n<figure class=\"wp-block-image size-large\"><img loading=\"lazy\" decoding=\"async\" width=\"640\" height=\"853\" data-id=\"87\" src=\"https:\/\/i0.wp.com\/filament-art.de\/wp-content\/uploads\/2023\/12\/k-P1092791.jpg?resize=640%2C853&#038;ssl=1\" alt=\"\" class=\"wp-image-87\" srcset=\"https:\/\/i0.wp.com\/filament-art.de\/wp-content\/uploads\/2023\/12\/k-P1092791.jpg?resize=768%2C1024&amp;ssl=1 768w, https:\/\/i0.wp.com\/filament-art.de\/wp-content\/uploads\/2023\/12\/k-P1092791.jpg?resize=225%2C300&amp;ssl=1 225w, https:\/\/i0.wp.com\/filament-art.de\/wp-content\/uploads\/2023\/12\/k-P1092791.jpg?w=972&amp;ssl=1 972w\" sizes=\"auto, (max-width: 640px) 100vw, 640px\" data-recalc-dims=\"1\" \/><\/figure>\n<\/figure>\n\n\n\n<p> <br><br>Kleinserien-Drucke: Unser FDM-Druck erm\u00f6glicht die Produktion von individuellen Kleinserien, die Qualit\u00e4t und Originalit\u00e4t vereinen. Sei es vom Schriftzug f\u00fcr die Wand-Deko bis zum Ersatzteil beim Gartenstuhl. <br><br><\/p>\n\n\n<div class=\"wp-block-image\">\n<figure class=\"aligncenter size-full is-resized\"><img loading=\"lazy\" decoding=\"async\" width=\"640\" height=\"480\" src=\"https:\/\/i0.wp.com\/filament-art.de\/wp-content\/uploads\/2023\/12\/IMG_1819-1.jpg?resize=640%2C480&#038;ssl=1\" alt=\"\" class=\"wp-image-248\" style=\"width:483px;height:auto\" srcset=\"https:\/\/i0.wp.com\/filament-art.de\/wp-content\/uploads\/2023\/12\/IMG_1819-1.jpg?w=1008&amp;ssl=1 1008w, https:\/\/i0.wp.com\/filament-art.de\/wp-content\/uploads\/2023\/12\/IMG_1819-1.jpg?resize=300%2C225&amp;ssl=1 300w, https:\/\/i0.wp.com\/filament-art.de\/wp-content\/uploads\/2023\/12\/IMG_1819-1.jpg?resize=768%2C576&amp;ssl=1 768w, https:\/\/i0.wp.com\/filament-art.de\/wp-content\/uploads\/2023\/12\/IMG_1819-1.jpg?resize=600%2C450&amp;ssl=1 600w\" sizes=\"auto, (max-width: 640px) 100vw, 640px\" data-recalc-dims=\"1\" \/><\/figure>\n<\/div>\n\n\n<p><br><br>Filament Art verbindet Kunsthandwerk mit moderner Fertigungstechnologie. Jedes St\u00fcck ist ein Ausdruck unserer Hingabe zur kreativen Exzellenz. Durchst\u00f6bern Sie unser Sortiment und lassen Sie sich von der Welt der FDM-Kunst verzaubern.<\/p>\n\n\n\n<p><strong>Die kreative Reise beginnt hier.<\/strong><\/p>\n","protected":false},"excerpt":{"rendered":"<p>Entdecken Sie bei Filament Art eine vielf\u00e4ltige Auswahl an einzigartigen Deko-Objekten, kunstvollen Bildern, faszinierenden Lithophanen und individuellen Kleinserien-Drucken, alle gefertigt mittels hochwertiger FDM-Technologie. Leidenschaft f\u00fcr detailreiche Gestaltung und kreative Innovation spiegelt sich in jedem unserer Produkte wider. Unsere Angebote: Deko-Objekte: Verleihen Sie Ihrem Zuhause eine pers\u00f6nliche Note mit sorgf\u00e4ltig gestalteten Deko-Objekten, die jeden Raum bereichern. [&hellip;]<\/p>\n","protected":false},"author":1,"featured_media":0,"parent":0,"menu_order":0,"comment_status":"closed","ping_status":"closed","template":"","meta":{"ngg_post_thumbnail":0,"footnotes":""},"class_list":["post-9","page","type-page","status-publish","hentry"],"jetpack_sharing_enabled":true,"_links":{"self":[{"href":"https:\/\/filament-art.de\/index.php?rest_route=\/wp\/v2\/pages\/9","targetHints":{"allow":["GET"]}}],"collection":[{"href":"https:\/\/filament-art.de\/index.php?rest_route=\/wp\/v2\/pages"}],"about":[{"href":"https:\/\/filament-art.de\/index.php?rest_route=\/wp\/v2\/types\/page"}],"author":[{"embeddable":true,"href":"https:\/\/filament-art.de\/index.php?rest_route=\/wp\/v2\/users\/1"}],"replies":[{"embeddable":true,"href":"https:\/\/filament-art.de\/index.php?rest_route=%2Fwp%2Fv2%2Fcomments&post=9"}],"version-history":[{"count":16,"href":"https:\/\/filament-art.de\/index.php?rest_route=\/wp\/v2\/pages\/9\/revisions"}],"predecessor-version":[{"id":361,"href":"https:\/\/filament-art.de\/index.php?rest_route=\/wp\/v2\/pages\/9\/revisions\/361"}],"wp:attachment":[{"href":"https:\/\/filament-art.de\/index.php?rest_route=%2Fwp%2Fv2%2Fmedia&parent=9"}],"curies":[{"name":"wp","href":"https:\/\/api.w.org\/{rel}","templated":true}]}}