{"id":134,"date":"2023-12-04T15:56:48","date_gmt":"2023-12-04T15:56:48","guid":{"rendered":"http:\/\/filament-art.de\/?page_id=134"},"modified":"2023-12-12T08:41:15","modified_gmt":"2023-12-12T08:41:15","slug":"fotografie-service-fuer-individuelle-drucke","status":"publish","type":"page","link":"https:\/\/filament-art.de\/?page_id=134","title":{"rendered":"Fotografie-Service f\u00fcr Individuelle Drucke"},"content":{"rendered":"\n<p><\/p>\n\n\n\n<p>Bei Filament Art legen wir gro\u00dfen Wert darauf, Ihre individuellen Vorstellungen und Erinnerungen in einzigartige 3D-Drucke zu verwandeln. Falls Sie keine digitale Datei Ihrer Tiere, Familienbilder oder Portraitaufnahmen haben, bieten wir Ihnen die M\u00f6glichkeit, diesen Schritt gemeinsam mit uns zu gehen. Unser Fotografie-Team steht bereit, um bei uns vor Ort oder direkt bei Ihnen vor Ort beeindruckende Aufnahmen zu erstellen.<br><br><\/p>\n\n\n\n<figure class=\"wp-block-gallery has-nested-images columns-default is-cropped wp-block-gallery-1 is-layout-flex wp-block-gallery-is-layout-flex\">\n<figure class=\"wp-block-image size-large\"><img loading=\"lazy\" decoding=\"async\" width=\"640\" height=\"853\" data-id=\"100\" src=\"https:\/\/i0.wp.com\/filament-art.de\/wp-content\/uploads\/2023\/12\/k-P1047584.jpg?resize=640%2C853&#038;ssl=1\" alt=\"\" class=\"wp-image-100\" srcset=\"https:\/\/i0.wp.com\/filament-art.de\/wp-content\/uploads\/2023\/12\/k-P1047584.jpg?resize=768%2C1024&amp;ssl=1 768w, https:\/\/i0.wp.com\/filament-art.de\/wp-content\/uploads\/2023\/12\/k-P1047584.jpg?resize=225%2C300&amp;ssl=1 225w, https:\/\/i0.wp.com\/filament-art.de\/wp-content\/uploads\/2023\/12\/k-P1047584.jpg?w=972&amp;ssl=1 972w\" sizes=\"auto, (max-width: 640px) 100vw, 640px\" data-recalc-dims=\"1\" \/><\/figure>\n\n\n\n<figure class=\"wp-block-image size-large\"><img loading=\"lazy\" decoding=\"async\" width=\"640\" height=\"853\" data-id=\"92\" src=\"https:\/\/i0.wp.com\/filament-art.de\/wp-content\/uploads\/2023\/12\/k-P1092796.jpg?resize=640%2C853&#038;ssl=1\" alt=\"\" class=\"wp-image-92\" srcset=\"https:\/\/i0.wp.com\/filament-art.de\/wp-content\/uploads\/2023\/12\/k-P1092796.jpg?resize=768%2C1024&amp;ssl=1 768w, https:\/\/i0.wp.com\/filament-art.de\/wp-content\/uploads\/2023\/12\/k-P1092796.jpg?resize=225%2C300&amp;ssl=1 225w, https:\/\/i0.wp.com\/filament-art.de\/wp-content\/uploads\/2023\/12\/k-P1092796.jpg?w=972&amp;ssl=1 972w\" sizes=\"auto, (max-width: 640px) 100vw, 640px\" data-recalc-dims=\"1\" \/><\/figure>\n\n\n\n<figure class=\"wp-block-image size-large\"><img loading=\"lazy\" decoding=\"async\" width=\"640\" height=\"853\" data-id=\"95\" src=\"https:\/\/i0.wp.com\/filament-art.de\/wp-content\/uploads\/2023\/12\/k-P1092799.jpg?resize=640%2C853&#038;ssl=1\" alt=\"\" class=\"wp-image-95\" srcset=\"https:\/\/i0.wp.com\/filament-art.de\/wp-content\/uploads\/2023\/12\/k-P1092799.jpg?resize=768%2C1024&amp;ssl=1 768w, https:\/\/i0.wp.com\/filament-art.de\/wp-content\/uploads\/2023\/12\/k-P1092799.jpg?resize=225%2C300&amp;ssl=1 225w, https:\/\/i0.wp.com\/filament-art.de\/wp-content\/uploads\/2023\/12\/k-P1092799.jpg?w=972&amp;ssl=1 972w\" sizes=\"auto, (max-width: 640px) 100vw, 640px\" data-recalc-dims=\"1\" \/><\/figure>\n<\/figure>\n\n\n\n<p><br><br>Egal, ob es um das charmante Wesen Ihres Haustiers, den besonderen Moment Ihrer Familie oder eine Einzelaufnahme geht \u2013 wir erfassen die Details, die Ihre Erinnerungen so einzigartig machen. Unser Ziel ist es, Ihnen einen ganzheitlichen Service anzubieten, von der Fotografie bis hin zum finalen 3D-Druck.<\/p>\n\n\n\n<p>Genie\u00dfen Sie den Komfort und die Professionalit\u00e4t unseres Fotografie-Services, um Ihre pers\u00f6nlichen Geschichten in Form von individuellen Kunstwerken zum Leben zu erwecken. Wir freuen uns darauf, gemeinsam mit Ihnen unvergessliche Augenblicke festzuhalten und in beeindruckenden 3D-Drucken zu verewigen.<br><br><\/p>\n\n\n\n<figure class=\"wp-block-gallery has-nested-images columns-4 is-cropped wp-block-gallery-2 is-layout-flex wp-block-gallery-is-layout-flex\">\n<figure class=\"wp-block-image size-large is-style-default\"><img loading=\"lazy\" decoding=\"async\" width=\"640\" height=\"853\" data-id=\"107\" src=\"https:\/\/i0.wp.com\/filament-art.de\/wp-content\/uploads\/2023\/12\/k-P1000210.jpg?resize=640%2C853&#038;ssl=1\" alt=\"\" class=\"wp-image-107\" srcset=\"https:\/\/i0.wp.com\/filament-art.de\/wp-content\/uploads\/2023\/12\/k-P1000210.jpg?resize=768%2C1024&amp;ssl=1 768w, https:\/\/i0.wp.com\/filament-art.de\/wp-content\/uploads\/2023\/12\/k-P1000210.jpg?resize=225%2C300&amp;ssl=1 225w, https:\/\/i0.wp.com\/filament-art.de\/wp-content\/uploads\/2023\/12\/k-P1000210.jpg?w=900&amp;ssl=1 900w\" sizes=\"auto, (max-width: 640px) 100vw, 640px\" data-recalc-dims=\"1\" \/><\/figure>\n\n\n\n<figure class=\"wp-block-image size-large is-style-default\"><img loading=\"lazy\" decoding=\"async\" width=\"640\" height=\"853\" data-id=\"108\" src=\"https:\/\/i0.wp.com\/filament-art.de\/wp-content\/uploads\/2023\/12\/k-P1000210-2.jpg?resize=640%2C853&#038;ssl=1\" alt=\"\" class=\"wp-image-108\" srcset=\"https:\/\/i0.wp.com\/filament-art.de\/wp-content\/uploads\/2023\/12\/k-P1000210-2.jpg?resize=768%2C1024&amp;ssl=1 768w, https:\/\/i0.wp.com\/filament-art.de\/wp-content\/uploads\/2023\/12\/k-P1000210-2.jpg?resize=225%2C300&amp;ssl=1 225w, https:\/\/i0.wp.com\/filament-art.de\/wp-content\/uploads\/2023\/12\/k-P1000210-2.jpg?w=900&amp;ssl=1 900w\" sizes=\"auto, (max-width: 640px) 100vw, 640px\" data-recalc-dims=\"1\" \/><\/figure>\n\n\n\n<figure class=\"wp-block-image size-large is-style-default\"><img loading=\"lazy\" decoding=\"async\" width=\"640\" height=\"480\" data-id=\"90\" src=\"https:\/\/i0.wp.com\/filament-art.de\/wp-content\/uploads\/2023\/12\/k-P1092794.jpg?resize=640%2C480&#038;ssl=1\" alt=\"\" class=\"wp-image-90\" srcset=\"https:\/\/i0.wp.com\/filament-art.de\/wp-content\/uploads\/2023\/12\/k-P1092794.jpg?resize=1024%2C768&amp;ssl=1 1024w, https:\/\/i0.wp.com\/filament-art.de\/wp-content\/uploads\/2023\/12\/k-P1092794.jpg?resize=300%2C225&amp;ssl=1 300w, https:\/\/i0.wp.com\/filament-art.de\/wp-content\/uploads\/2023\/12\/k-P1092794.jpg?resize=768%2C576&amp;ssl=1 768w, https:\/\/i0.wp.com\/filament-art.de\/wp-content\/uploads\/2023\/12\/k-P1092794.jpg?w=1273&amp;ssl=1 1273w\" sizes=\"auto, (max-width: 640px) 100vw, 640px\" data-recalc-dims=\"1\" \/><\/figure>\n\n\n\n<figure class=\"wp-block-image size-large\"><img loading=\"lazy\" decoding=\"async\" width=\"640\" height=\"853\" data-id=\"88\" src=\"https:\/\/i0.wp.com\/filament-art.de\/wp-content\/uploads\/2023\/12\/k-P1092792.jpg?resize=640%2C853&#038;ssl=1\" alt=\"\" class=\"wp-image-88\" srcset=\"https:\/\/i0.wp.com\/filament-art.de\/wp-content\/uploads\/2023\/12\/k-P1092792.jpg?resize=768%2C1024&amp;ssl=1 768w, https:\/\/i0.wp.com\/filament-art.de\/wp-content\/uploads\/2023\/12\/k-P1092792.jpg?resize=225%2C300&amp;ssl=1 225w, https:\/\/i0.wp.com\/filament-art.de\/wp-content\/uploads\/2023\/12\/k-P1092792.jpg?w=972&amp;ssl=1 972w\" sizes=\"auto, (max-width: 640px) 100vw, 640px\" data-recalc-dims=\"1\" \/><\/figure>\n<\/figure>\n","protected":false},"excerpt":{"rendered":"<p>Bei Filament Art legen wir gro\u00dfen Wert darauf, Ihre individuellen Vorstellungen und Erinnerungen in einzigartige 3D-Drucke zu verwandeln. Falls Sie keine digitale Datei Ihrer Tiere, Familienbilder oder Portraitaufnahmen haben, bieten wir Ihnen die M\u00f6glichkeit, diesen Schritt gemeinsam mit uns zu gehen. Unser Fotografie-Team steht bereit, um bei uns vor Ort oder direkt bei Ihnen vor [&hellip;]<\/p>\n","protected":false},"author":1,"featured_media":0,"parent":0,"menu_order":0,"comment_status":"closed","ping_status":"closed","template":"","meta":{"ngg_post_thumbnail":0,"footnotes":""},"class_list":["post-134","page","type-page","status-publish","hentry"],"jetpack_sharing_enabled":true,"_links":{"self":[{"href":"https:\/\/filament-art.de\/index.php?rest_route=\/wp\/v2\/pages\/134","targetHints":{"allow":["GET"]}}],"collection":[{"href":"https:\/\/filament-art.de\/index.php?rest_route=\/wp\/v2\/pages"}],"about":[{"href":"https:\/\/filament-art.de\/index.php?rest_route=\/wp\/v2\/types\/page"}],"author":[{"embeddable":true,"href":"https:\/\/filament-art.de\/index.php?rest_route=\/wp\/v2\/users\/1"}],"replies":[{"embeddable":true,"href":"https:\/\/filament-art.de\/index.php?rest_route=%2Fwp%2Fv2%2Fcomments&post=134"}],"version-history":[{"count":5,"href":"https:\/\/filament-art.de\/index.php?rest_route=\/wp\/v2\/pages\/134\/revisions"}],"predecessor-version":[{"id":362,"href":"https:\/\/filament-art.de\/index.php?rest_route=\/wp\/v2\/pages\/134\/revisions\/362"}],"wp:attachment":[{"href":"https:\/\/filament-art.de\/index.php?rest_route=%2Fwp%2Fv2%2Fmedia&parent=134"}],"curies":[{"name":"wp","href":"https:\/\/api.w.org\/{rel}","templated":true}]}}